{"id":26,"date":"2023-09-21T14:10:43","date_gmt":"2023-09-21T14:10:43","guid":{"rendered":"https:\/\/simultan.org\/2023\/info\/"},"modified":"2023-10-17T09:17:09","modified_gmt":"2023-10-17T09:17:09","slug":"info","status":"publish","type":"page","link":"https:\/\/simultan.org\/2023\/en\/info\/","title":{"rendered":"INFO"},"content":{"rendered":"\n<hr class=\"wp-block-separator has-alpha-channel-opacity\"\/>\n\n\n\n<p><strong>SIMULTAN FESTIVAL XVIII<br><em>\u2014 OSCILLATIONS: Things to Remember<\/em><\/strong><\/p>\n\n\n\n<p>5 \u2014 8 OCT 2023 \/  MultipleXity, Timi\u0219oara RO<\/p>\n\n\n\n<hr class=\"wp-block-separator has-alpha-channel-opacity is-style-default\"\/>\n\n\n\n<p><br><\/p>\n\n\n\n<p>Simultan Festival 2023, the 18th edition, will take place from October 5th to October 8th, 2023, in the MX spaces in Timi\u0219oara. The Corneliu Miklosi Museum and the former workshops of the Timi\u0219oara Public Transport Society will be physically and conceptually united within the same event for the first time since their reconversion into the future Center for Art, Technology, and Experimentation &#8211; MultipleXity (MX).<\/p>\n\n\n\n<p>The 2023 edition aims to explore and question various aspects of society and individual life influenced by technology, to delve into speculative situations, disrupt the standardized image of the future, and challenge the cult of endless progress and development.<\/p>\n\n\n\n<p>The festival&#8217;s program includes a series of events and actions, such as sound and audiovisual performances, video art screenings, exhibitions, conferences, and workshops.<\/p>\n\n\n\n<p>The live program feature artists who are actively engaged in the field of sonic art and the experimental music scene : Ilpo V\u00e4is\u00e4nen, Dorit Chrysler &amp; Alberto Novello, Ana Fosca, h\u00c4K \/ Danzeisen, Cosmin Nicolae, Simina Oprescu &amp; Matei B\u0103canu, Jasmine Guffond &amp; Ilan Katin, Robert Piotrowicz, Simon Whetham, Svetlana Mara\u0161, Thomas Ankersmit, Ioana Vreme Moser, JacqNoise.<\/p>\n\n\n\n<p><br><\/p>\n\n\n\n<p><strong>SIMULTAN 2023<\/strong> runs under the theme <strong><em>OSCILLATIONS: Things to Remember<\/em><\/strong><\/p>\n\n\n\n<p><em>In the modern cacophony of life, technology emerges as a double-edged sword, orchestrating a complex relation with nature, information, everyday life, memory and so on. While it promises convenience and progress, its pervasive presence and relentless intrusion raise profound concerns about the erosion of genuine human experiences and memories.<\/em><\/p>\n\n\n\n<p><em>The natural rhythms of existence and the authenticity of human interaction become distorted by virtual substitutes.<\/em><\/p>\n\n\n\n<p><em>Oscillation serves as a foundational principle in understanding and interacting with our world. From the smallest atomic vibrations to the grandest cosmic movements, oscillation shapes our experiences, communication, and technological advancements. Recognizing the significance of oscillation in our lives can deepen our appreciation for the complexities and beauty of the natural and technological phenomena that surround us. Our senses, such as sight, hearing, and touch, rely on oscillatory patterns to interpret the world around us.<\/em><\/p>\n\n\n\n<p><em>Language and communication systems are based on patterns, whether in the form of spoken words, written text, or signs. Our interactions often involve subtle oscillatory cues, such as body language, facial expressions, and gestures. These non-verbal signals convey emotions, intentions, and attitudes, contributing to effective communication and social bonding.<\/em> [\u2026]<br><br>(excerpt from the curatorial statement, Levente Kozma)<br><br><br><\/p>\n\n\n\n<hr class=\"wp-block-separator has-alpha-channel-opacity\"\/>\n\n\n\n<p>Organizer: <a href=\"https:\/\/www.simultan.org\/\">SIMULTAN.org<\/a><br><br>The project is part of the National Cultural Programme &#8220;<a href=\"https:\/\/timisoara2023.eu\/en\/\" target=\"_blank\" rel=\"noreferrer noopener\">Timisoara &#8211; European Capital of Culture in 2023<\/a>&#8221; and is funded under the European Echoes programme, implemented by the Center for Projects of the Timi\u0219oara Municipality, with sums allocated from the state budget, through the Ministry of Culture budget.<br>Organized in partnership with the Municipality of Timi\u0219oara through the <a href=\"https:\/\/centruldeproiecte.ro\/\" target=\"_blank\" rel=\"noreferrer noopener\">Center for Projects<\/a>.<br><br>Organizational Partners: <a href=\"https:\/\/marginal.ro\/\" target=\"_blank\" rel=\"noreferrer noopener\">MARGINAL<\/a> \/ <a href=\"http:\/\/motamuseum.com\/\" target=\"_blank\" rel=\"noreferrer noopener\">MoTA &#8211; Museum of Transitory Arts<\/a> \/ <a href=\"https:\/\/obsolete.studio\/\" target=\"_blank\" rel=\"noreferrer noopener\">OBSOLETE Studio<\/a><br><br>Media partners: <a href=\"https:\/\/www.guerrillaradio.ro\/\" target=\"_blank\" rel=\"noreferrer noopener\">Guerrilla Radio<\/a> \/ <a href=\"https:\/\/revistaarta.ro\/ro\/\" target=\"_blank\" rel=\"noreferrer noopener\">Revista Arta<\/a><br><br><\/p>\n\n\n\n<hr class=\"wp-block-separator has-alpha-channel-opacity\"\/>\n\n\n\n<p>Contact: simultan@simultan.org<\/p>\n","protected":false},"excerpt":{"rendered":"<p>SIMULTAN FESTIVAL XVIII\u2014 OSCILLATIONS: Things to Remember 5 \u2014 8 OCT 2023 \/ MultipleXity, Timi\u0219oara RO Simultan Festival 2023, the 18th edition, will take place from October 5th to October 8th, 2023, in the MX spaces in Timi\u0219oara. The Corneliu Miklosi Museum and the former workshops of the Timi\u0219oara Public Transport Society will be physically [&hellip;]<\/p>\n","protected":false},"author":4,"featured_media":0,"parent":0,"menu_order":0,"comment_status":"closed","ping_status":"closed","template":"","meta":{"_acf_changed":false,"footnotes":""},"class_list":["post-26","page","type-page","status-publish","hentry"],"acf":[],"_links":{"self":[{"href":"https:\/\/simultan.org\/2023\/en\/wp-json\/wp\/v2\/pages\/26","targetHints":{"allow":["GET"]}}],"collection":[{"href":"https:\/\/simultan.org\/2023\/en\/wp-json\/wp\/v2\/pages"}],"about":[{"href":"https:\/\/simultan.org\/2023\/en\/wp-json\/wp\/v2\/types\/page"}],"author":[{"embeddable":true,"href":"https:\/\/simultan.org\/2023\/en\/wp-json\/wp\/v2\/users\/4"}],"replies":[{"embeddable":true,"href":"https:\/\/simultan.org\/2023\/en\/wp-json\/wp\/v2\/comments?post=26"}],"version-history":[{"count":13,"href":"https:\/\/simultan.org\/2023\/en\/wp-json\/wp\/v2\/pages\/26\/revisions"}],"predecessor-version":[{"id":783,"href":"https:\/\/simultan.org\/2023\/en\/wp-json\/wp\/v2\/pages\/26\/revisions\/783"}],"wp:attachment":[{"href":"https:\/\/simultan.org\/2023\/en\/wp-json\/wp\/v2\/media?parent=26"}],"curies":[{"name":"wp","href":"https:\/\/api.w.org\/{rel}","templated":true}]}}