{"id":34,"date":"2023-09-21T14:39:30","date_gmt":"2023-09-21T14:39:30","guid":{"rendered":"https:\/\/simultan.org\/2023\/?page_id=34"},"modified":"2023-10-02T18:52:21","modified_gmt":"2023-10-02T18:52:21","slug":"program","status":"publish","type":"page","link":"https:\/\/simultan.org\/2023\/program\/","title":{"rendered":"PROGRAM"},"content":{"rendered":"\n<p><\/p>\n\n\n\n<hr class=\"wp-block-separator has-alpha-channel-opacity\"\/>\n\n\n\n<p><\/p>\n\n\n\n<h1 class=\"wp-block-heading\"><strong>05 &#8211; 08 OCT<\/strong>. PROGRAM PERMANENT<\/h1>\n\n\n\n<p>\u27ff <strong>MUZEUL CORNELIU MIKLOSI <\/strong><\/p>\n\n\n\n<p><strong>5 Oct.<\/strong> <strong>18:00 &#8211;<\/strong> <strong>23:00<\/strong><br><strong>6-8 Oct. 15:00-23:00<\/strong><\/p>\n\n\n\n<p><a href=\"https:\/\/simultan.org\/2023\/en\/video-works\/\">OSCILLATIONS<\/a> filme experimentale &amp; moving images &#8211; expozi\u021bie\/screening<\/p>\n\n\n\n<p><a href=\"https:\/\/simultan.org\/2023\/amnezie-minerala-de-ioana-vreme-moser\/\">AMNEZIE MINERAL\u0102<\/a> &#8211; instala\u021bie sonor\u0103 de IOANA VREME MOSER<\/p>\n\n\n\n<p><a href=\"https:\/\/simultan.org\/2023\/land-under-wave\/\">LAND UNDER WAVE<\/a> &#8211; instala\u021bie de ANDREEA MEDAR &amp; M\u0102LINA IONESCU<\/p>\n\n\n\n<p><a href=\"https:\/\/simultan.org\/2023\/welcome-to-the-relative-end-of-the-road-not-taken\/\">WELCOME TO THE RELATIVE END OF THE ROAD NOT TAKEN!<\/a> &#8211; instala\u021bie artistic\u0103 anti-interactiv\u0103 de ANDREI DINIC\u0102, MIHAI DR\u0102GAN &amp; SABINA SURU<\/p>\n\n\n\n<p>\u27ff <strong>FOSTELE ATELIERE S.T.P.T<\/strong><\/p>\n\n\n\n<p><strong>5 Oct.<\/strong> <strong>18:00 &#8211;<\/strong> <strong>21:00<\/strong><br><strong>6-8 Oct. 15:00-21:00<\/strong><br><br><a href=\"https:\/\/simultan.org\/2023\/edge-of-chaos-by-michal-mitro\/\">EDGE OF CHAOS<\/a> &#8211; instala\u021bie sonor\u0103 de MICHAL MITRO<br><br><a href=\"https:\/\/simultan.org\/2023\/aio-all-in-one\/\">AIO &#8211; ALL IN ONE<\/a> &#8211; instala\u021bie imersiv\u0103 interactiv\u0103, Asocia\u021bia Prezent Continuu<\/p>\n\n\n\n<p><br><\/p>\n\n\n\n<hr class=\"wp-block-separator has-alpha-channel-opacity\"\/>\n\n\n\n<h1 class=\"wp-block-heading\">Joi. <strong>05 <\/strong>OCT<\/h1>\n\n\n\n<p>\u27ff <strong>MUZEUL CORNELIU MIKLOSI <\/strong><\/p>\n\n\n\n<p><strong>18:00 &#8211;<\/strong><br><strong>Deschiderea oficial\u0103 &nbsp;<em>SIMULTAN XVIII<\/em><\/strong>. <\/p>\n\n\n\n<p><strong>20:00 &#8211;&nbsp;<\/strong><br><a href=\"https:\/\/simultan.org\/2023\/ioana-vreme-moser\/\">IOANA VREME MOSER<\/a> &#8211; lecture\/performance<\/p>\n\n\n\n<p><strong>21:00 &#8211;&nbsp;<\/strong><br><a href=\"https:\/\/simultan.org\/2023\/dorit-chrysler-alberto-novello\/\">DORIT CHRYSLER W\/ ALBERTO NOVELLO<\/a> &#8211; live AV<\/p>\n\n\n\n<p><strong>22:00 &#8211;&nbsp;<\/strong><br><a href=\"https:\/\/simultan.org\/2023\/ana-fosca\/\">ANA FOSCA<\/a> &#8211; live<\/p>\n\n\n\n<p><br><\/p>\n\n\n\n<hr class=\"wp-block-separator has-alpha-channel-opacity\"\/>\n\n\n\n<h1 class=\"wp-block-heading\">Vineri. 06 OCT<\/h1>\n\n\n\n<p>\u27ff <strong>MUZEUL CORNELIU MIKLOSI <\/strong><\/p>\n\n\n\n<p><strong>20:00 &#8211;&nbsp;<\/strong><br><a href=\"https:\/\/simultan.org\/2023\/svetlana-maras\/\">SVETLANA MARA\u0160<\/a> &#8211; live<\/p>\n\n\n\n<p><strong>21:00 &#8211;&nbsp;<\/strong><br><a href=\"https:\/\/simultan.org\/2023\/simon-whetham\/\">SIMON WHETHAM<\/a> &#8211; live AV<\/p>\n\n\n\n<p><strong>22:00 &#8211;&nbsp;<\/strong><br><a href=\"https:\/\/simultan.org\/2023\/jacqnoise\/\">JACQNOISE<\/a> &#8211; live<\/p>\n\n\n\n<p><br><\/p>\n\n\n\n<hr class=\"wp-block-separator has-alpha-channel-opacity\"\/>\n\n\n\n<h1 class=\"wp-block-heading\">S\u00e2mb\u0103t\u0103. 07 OCT<\/h1>\n\n\n\n<p>\u27ff <strong>MUZEUL CORNELIU MIKLOSI <\/strong><\/p>\n\n\n\n<p><strong>15:00-17:00<\/strong> <strong>&#8211;<\/strong><br><a href=\"https:\/\/simultan.org\/2023\/catalin-cretu\/\">INCURSIUNE \u00ceN LABORATORUL MULTIMEDIA AL COMPOZITORULUI CONTEMPORAN<\/a> &#8211; conferin\u021b\u0103\/workshop cu C\u0103t\u0103lin Cre\u021bu<\/p>\n\n\n\n<p><strong>17:00 &#8211;&nbsp;<\/strong><br><a href=\"https:\/\/simultan.org\/2023\/from-bit-to-infrastructure\/\">FROM BIT TO INFRASTRUCTURE<\/a> &#8211; performance\/storytelling, NEJA TOM\u0160I\u010c &amp; MIHAI TOTH<\/p>\n\n\n\n<p><strong>20:00 &#8211;&nbsp;<\/strong><br><a href=\"https:\/\/simultan.org\/2023\/thomas-ankersmit\/\">THOMAS ANKERSMIT<\/a> &#8211; live<\/p>\n\n\n\n<p><strong>21:00 &#8211;&nbsp;<\/strong><br><a href=\"https:\/\/simultan.org\/2023\/ilpo-vaisanen\/\">ILPO V\u00c4IS\u00c4NEN<\/a> &#8211; live<\/p>\n\n\n\n<p><strong>22:00 &#8211;&nbsp;<\/strong><br><a href=\"https:\/\/simultan.org\/2023\/simina-oprescu-cosmin-nicolae-matei-bacanu\/\">SIMINA OPRESCU &amp; COSMIN NICOLAE W\/ MATEI B\u0102CANU<\/a> &#8211; live AV<\/p>\n\n\n\n<p><br><\/p>\n\n\n\n<hr class=\"wp-block-separator has-alpha-channel-opacity\"\/>\n\n\n\n<h1 class=\"wp-block-heading\">Duminic\u0103. 08 OCT<\/h1>\n\n\n\n<p>\u27ff <strong>MUZEUL CORNELIU MIKLOSI <\/strong><\/p>\n\n\n\n<p><strong>20:00 &#8211;&nbsp;<\/strong><br><a href=\"https:\/\/simultan.org\/2023\/robert-piotrowicz\/\">ROBERT PIOTROWICZ<\/a> &#8211; live<\/p>\n\n\n\n<p><strong>21:00 &#8211;&nbsp;<\/strong><br><a href=\"https:\/\/simultan.org\/2023\/jasmine-guffond-with-live-visuals-by-ilan-katin\/\">JASMINE GUFFOND W\/ ILAN KATIN<\/a> &#8211; live AV<\/p>\n\n\n\n<p><strong>22:00 &#8211;&nbsp;<\/strong><br><a href=\"https:\/\/simultan.org\/2023\/hak-danzeisen\/\">H\u00c4K \/ DANZEISEN<\/a> &#8211; live<br><br><\/p>\n\n\n\n<hr class=\"wp-block-separator has-alpha-channel-opacity\"\/>\n","protected":false},"excerpt":{"rendered":"<p>05 &#8211; 08 OCT. PROGRAM PERMANENT \u27ff MUZEUL CORNELIU MIKLOSI 5 Oct. 18:00 &#8211; 23:006-8 Oct. 15:00-23:00 OSCILLATIONS filme experimentale &amp; moving images &#8211; expozi\u021bie\/screening AMNEZIE MINERAL\u0102 &#8211; instala\u021bie sonor\u0103 de IOANA VREME MOSER LAND UNDER WAVE &#8211; instala\u021bie de ANDREEA MEDAR &amp; M\u0102LINA IONESCU WELCOME TO THE RELATIVE END OF THE ROAD NOT TAKEN! [&hellip;]<\/p>\n","protected":false},"author":4,"featured_media":347,"parent":0,"menu_order":0,"comment_status":"closed","ping_status":"closed","template":"","meta":{"_acf_changed":false,"footnotes":""},"class_list":["post-34","page","type-page","status-publish","has-post-thumbnail","hentry"],"acf":[],"_links":{"self":[{"href":"https:\/\/simultan.org\/2023\/wp-json\/wp\/v2\/pages\/34","targetHints":{"allow":["GET"]}}],"collection":[{"href":"https:\/\/simultan.org\/2023\/wp-json\/wp\/v2\/pages"}],"about":[{"href":"https:\/\/simultan.org\/2023\/wp-json\/wp\/v2\/types\/page"}],"author":[{"embeddable":true,"href":"https:\/\/simultan.org\/2023\/wp-json\/wp\/v2\/users\/4"}],"replies":[{"embeddable":true,"href":"https:\/\/simultan.org\/2023\/wp-json\/wp\/v2\/comments?post=34"}],"version-history":[{"count":37,"href":"https:\/\/simultan.org\/2023\/wp-json\/wp\/v2\/pages\/34\/revisions"}],"predecessor-version":[{"id":745,"href":"https:\/\/simultan.org\/2023\/wp-json\/wp\/v2\/pages\/34\/revisions\/745"}],"wp:featuredmedia":[{"embeddable":true,"href":"https:\/\/simultan.org\/2023\/wp-json\/wp\/v2\/media\/347"}],"wp:attachment":[{"href":"https:\/\/simultan.org\/2023\/wp-json\/wp\/v2\/media?parent=34"}],"curies":[{"name":"wp","href":"https:\/\/api.w.org\/{rel}","templated":true}]}}