{"id":387,"date":"2023-09-24T08:52:08","date_gmt":"2023-09-24T08:52:08","guid":{"rendered":"https:\/\/simultan.org\/2023\/?page_id=387"},"modified":"2023-10-02T22:32:22","modified_gmt":"2023-10-02T22:32:22","slug":"video","status":"publish","type":"page","link":"https:\/\/simultan.org\/2023\/video\/","title":{"rendered":"VIDEO"},"content":{"rendered":"\n<p><strong>LISTA LUCR\u0102RILOR VIDEO INCLUSE \u00ceN PROGRAMUL SIMULTAN FESTIVAL 2023 <\/strong><\/p>\n\n\n\n<hr class=\"wp-block-separator has-alpha-channel-opacity\"\/>\n\n\n\n<figure class=\"wp-block-image size-large\"><img loading=\"lazy\" decoding=\"async\" width=\"1024\" height=\"578\" src=\"https:\/\/simultan.org\/2023\/wp-content\/uploads\/2023\/09\/Sandralub__Ghost-Cities-1024x578.jpg\" alt=\"\" class=\"wp-image-381\" srcset=\"https:\/\/simultan.org\/2023\/wp-content\/uploads\/2023\/09\/Sandralub__Ghost-Cities-1024x578.jpg 1024w, https:\/\/simultan.org\/2023\/wp-content\/uploads\/2023\/09\/Sandralub__Ghost-Cities-300x169.jpg 300w, https:\/\/simultan.org\/2023\/wp-content\/uploads\/2023\/09\/Sandralub__Ghost-Cities-768x433.jpg 768w, https:\/\/simultan.org\/2023\/wp-content\/uploads\/2023\/09\/Sandralub__Ghost-Cities-1536x867.jpg 1536w, https:\/\/simultan.org\/2023\/wp-content\/uploads\/2023\/09\/Sandralub__Ghost-Cities-2048x1156.jpg 2048w\" sizes=\"auto, (max-width: 1024px) 100vw, 1024px\" \/><figcaption class=\"wp-element-caption\">Still video &#8211; Ghost Cities, 2023 de Sandralub <\/figcaption><\/figure>\n\n\n\n<p><\/p>\n\n\n\n<p><\/p>\n\n\n\n<p style=\"font-size:20px\">Katharina Aae (Germany), <strong><em>Terrifying Holes Compilation<\/em><\/strong> (04:54) 2021&nbsp;&nbsp;&nbsp;&nbsp;&nbsp;&nbsp;&nbsp;<\/p>\n\n\n\n<p style=\"font-size:20px\">Cedric Arnold (UK), <strong><em>Apopheniac <\/em><\/strong>(04:46) 2022&nbsp;&nbsp;&nbsp;&nbsp;&nbsp;&nbsp;&nbsp;&nbsp;&nbsp;<\/p>\n\n\n\n<p style=\"font-size:20px\">Sara Bonaventura (Italy), <strong><em>Iconoplast<\/em><\/strong> (08:01) 2021&nbsp;&nbsp;&nbsp;&nbsp;&nbsp;&nbsp;&nbsp;&nbsp;&nbsp;<\/p>\n\n\n\n<p style=\"font-size:20px\">Sarah Buckius (USA), <strong><em>!!! techn010ffspring !!!<\/em> [v1_v9]<\/strong> (02:53) 2023&nbsp;&nbsp;&nbsp;&nbsp;&nbsp;&nbsp;<\/p>\n\n\n\n<p style=\"font-size:20px\">Nathalie Bujold (Canada), <strong><em>M\u00e9tronomie<\/em><\/strong> (00:58) 2022&nbsp;&nbsp;&nbsp;&nbsp;&nbsp;&nbsp;&nbsp;&nbsp;&nbsp;<\/p>\n\n\n\n<p style=\"font-size:20px\">David Camargo &amp; Amauta Garcia (Mexico), <em><strong>Arrullo<\/strong> <\/em>(10:15) 2022&nbsp;&nbsp;&nbsp;&nbsp;&nbsp;&nbsp;<\/p>\n\n\n\n<p style=\"font-size:20px\">Nicola Cappelletti, Romina Bracchi (Italy), <strong><em>Lo Scoppio<\/em><\/strong> (04:40) 2023&nbsp;&nbsp;&nbsp;&nbsp;&nbsp;&nbsp;<\/p>\n\n\n\n<p style=\"font-size:20px\">Osvaldo Cibils + AI (Uruguay), <strong><em>non-professional inhabitants &#8211; red beak<\/em><\/strong> (04:33) 2023&nbsp;&nbsp;&nbsp;<\/p>\n\n\n\n<p style=\"font-size:20px\">Dalpofzs, Mihai Bacaran, Darie Nemes-Bota, Bogdan Dumitrescu, Alexandra Coroi (Romania), <strong><em>Dynamics of Sensemaking<\/em><\/strong> (08:25) 2023&nbsp;&nbsp;&nbsp;&nbsp;&nbsp;&nbsp;<\/p>\n\n\n\n<p style=\"font-size:20px\">Silvia De Gennaro (Italy), <em><strong>Gaia: Uni(co)verso \/ Gaia:Uni(que)verse <\/strong><\/em>(03:35) 2023<\/p>\n\n\n\n<p style=\"font-size:20px\">Carlos Ramirez De La Concepcion (Spain), <strong><em>Tan Vivo, Tan Muerto, Tan Fragil, Tan Fuerte <\/em><\/strong>(03:21) 2022&nbsp;&nbsp;<\/p>\n\n\n\n<p style=\"font-size:20px\">Sandrine Deumier (France), <strong><em>From the Place where the Light Goes Out<\/em><\/strong> (05:45) 2023&nbsp;&nbsp;<\/p>\n\n\n\n<p style=\"font-size:20px\">Jerobeam Fenderson (Germany) &amp;&nbsp; hansi3d (Austria), <strong><em>Function <\/em><\/strong>(07:26) 2023&nbsp;&nbsp;&nbsp;&nbsp;&nbsp;&nbsp;<\/p>\n\n\n\n<p style=\"font-size:20px\">Francesca Fini (Italy), <strong><em>A Dream in Stone <\/em><\/strong>(14:46) 2022&nbsp;&nbsp;&nbsp;&nbsp;&nbsp;&nbsp;<\/p>\n\n\n\n<p style=\"font-size:20px\">Thorsten Fleisch (Germany), <strong><em>Astrogolem<\/em> <\/strong>(06:15, 2023&nbsp;&nbsp;&nbsp;&nbsp;&nbsp;&nbsp;&nbsp;&nbsp;&nbsp;<\/p>\n\n\n\n<p style=\"font-size:20px\">Synn\u00f8ve Sizou G Wetten (Norway), <strong><em>Is This Now? XXYX <\/em><\/strong>(05:23) 2021&nbsp;&nbsp;&nbsp;&nbsp;&nbsp;&nbsp;<\/p>\n\n\n\n<p style=\"font-size:20px\">Adrian Ganea (Romania), <strong><em>Dance of the Butterflies<\/em> <\/strong>(12:56) 2022&nbsp;&nbsp;&nbsp;&nbsp;&nbsp;&nbsp;<\/p>\n\n\n\n<p style=\"font-size:20px\">Amauta Garcia (Mexico), <strong><em>Nana Itsi<\/em> <\/strong>(06:58) 2021&nbsp;&nbsp;&nbsp;&nbsp;&nbsp;&nbsp;&nbsp;&nbsp;<\/p>\n\n\n\n<p style=\"font-size:20px\">Massimiliano Gusmini (Italy), <strong><em>Stroboblackboard<\/em> <\/strong>(03:30) 2023&nbsp;&nbsp;&nbsp;&nbsp;&nbsp;&nbsp;&nbsp;&nbsp;&nbsp;<\/p>\n\n\n\n<p style=\"font-size:20px\">Henna-Riikka Halonen (Finland), <strong><em>Tissue<\/em> <\/strong>(10:38) 2022&nbsp;&nbsp;&nbsp;&nbsp;&nbsp;&nbsp;&nbsp;&nbsp;&nbsp;<\/p>\n\n\n\n<p style=\"font-size:20px\">Phil Hastings (U.S.A.), <em><strong>With Love and Sincerity<\/strong> <\/em>(02:35) 2023&nbsp;&nbsp;&nbsp;&nbsp;&nbsp;&nbsp;<\/p>\n\n\n\n<p style=\"font-size:20px\">Ivelina Ivanova &amp; Petar Parmakov &amp; Yoana Robova (Bulgaria), <strong><em>Agressive Schtreiss\/\/Sims 5 idm<\/em><\/strong> (03:33) 2020)<\/p>\n\n\n\n<p style=\"font-size:20px\">Krzysztof Krzysztof (Poland), <strong><em>Red Wonderland<\/em><\/strong> (06:19) 2019&nbsp;&nbsp;&nbsp;&nbsp;&nbsp;&nbsp;&nbsp;&nbsp;<\/p>\n\n\n\n<p style=\"font-size:20px\">Federico Lamas (Argentina), <strong><em>Fen\u00f3meno<\/em><\/strong> (04:08) 2022&nbsp;&nbsp;&nbsp;&nbsp;&nbsp;&nbsp;&nbsp;&nbsp;&nbsp;<\/p>\n\n\n\n<p style=\"font-size:20px\">Till Langschied (Switzerland), <strong><em>Trans-Tech Ascensions<\/em><\/strong> (06:25) 2020&nbsp;&nbsp;&nbsp;&nbsp;&nbsp;&nbsp;&nbsp;&nbsp;<\/p>\n\n\n\n<p style=\"font-size:20px\">Sohyun Lee (Republic of Korea), <strong><em>Gaba Heaven<\/em><\/strong> (08:25) 2023&nbsp;&nbsp;&nbsp;&nbsp;&nbsp;&nbsp;<\/p>\n\n\n\n<p style=\"font-size:20px\">Teresa Leung (Hong Kong), <strong><em>Mortal Me conversing with Erasable Me<\/em><\/strong> (07:48) 2022&nbsp;&nbsp;&nbsp;<\/p>\n\n\n\n<p style=\"font-size:20px\">Filip Markovinovi\u0107 (Serbia), <strong>P<em>ra\u0161ina \/ Dust<\/em> <\/strong>(09:19) 2022&nbsp;&nbsp;&nbsp;&nbsp;&nbsp;&nbsp;&nbsp;<\/p>\n\n\n\n<p style=\"font-size:20px\">Fernando Moletta (Brazil), <strong><em>Multi-Tude<\/em><\/strong> (08:15) 2022&nbsp;&nbsp;&nbsp;&nbsp;&nbsp;&nbsp;&nbsp;&nbsp;&nbsp;<\/p>\n\n\n\n<p style=\"font-size:20px\">Jonathan Monaghan (USA), <strong><em>Move the Way You Want<\/em><\/strong> (08:11) 2023&nbsp;&nbsp;&nbsp;&nbsp;&nbsp;<\/p>\n\n\n\n<p style=\"font-size:20px\">Roberto Musanti (Italy),<em> <strong>Fallaci Imagine II<\/strong><\/em> (03:35) 2022&nbsp;&nbsp;&nbsp;&nbsp;&nbsp;&nbsp;&nbsp;<\/p>\n\n\n\n<p style=\"font-size:20px\">Viktor N\u00e9meth (Hungary), <strong><em>If You Liked That&#8230;<\/em><\/strong> (10:43) 2023&nbsp;&nbsp;&nbsp;&nbsp;&nbsp;&nbsp;<\/p>\n\n\n\n<p style=\"font-size:20px\">Ethann N\u00e9on (Belgium), <strong><em>1 MTH\/MIN<\/em> <\/strong>(03:45) 2021&nbsp;&nbsp;&nbsp;&nbsp;&nbsp;&nbsp;&nbsp;&nbsp;<\/p>\n\n\n\n<p style=\"font-size:20px\">Luis Carlos Rodriguez (Spain) &amp; J.l.H. Berthelot (France), <strong><em>AbstrARt27 <\/em><\/strong>(06:41) 2023&nbsp;&nbsp;&nbsp;&nbsp;&nbsp;<\/p>\n\n\n\n<p style=\"font-size:20px\">C\u0103t\u0103lin Rugin\u0103, Maria-Luiza Dimulescu, Denisa Anastasiu (Romania), <strong><em>Call of Pink <\/em><\/strong>(06:29) 2021&nbsp;&nbsp;&nbsp;<\/p>\n\n\n\n<p style=\"font-size:20px\">S4RA (Portugal), <strong><em>RAVE<\/em><\/strong> (09:20) 2023\u00a0\u00a0\u00a0\u00a0\u00a0\u00a0\u00a0\u00a0\u00a0<\/p>\n\n\n\n<p style=\"font-size:20px\">Katherina Sadovsky (Russia), <strong><em>Rage <\/em><\/strong>(12:36) 2023&nbsp;&nbsp;&nbsp;&nbsp;&nbsp;&nbsp;&nbsp;&nbsp;&nbsp;<\/p>\n\n\n\n<p style=\"font-size:20px\">Angel Salazar (Ecuador), <strong><em>Visions of Fungicene<\/em><\/strong> (05:48) 2022&nbsp;&nbsp;&nbsp;&nbsp;&nbsp;&nbsp;&nbsp;<\/p>\n\n\n\n<p style=\"font-size:20px\">Sandralub (multiple geo-locations), <em><strong>Ghost Cities <\/strong><\/em>(08:23) 2023&nbsp;&nbsp;&nbsp;&nbsp;&nbsp;&nbsp;&nbsp;<\/p>\n\n\n\n<p style=\"font-size:20px\">Dagmar Sch\u00fcrrer (Austria), <strong><em>Dreaming is the Mind Left to Itself <\/em><\/strong>(05:23) 2022&nbsp;&nbsp;&nbsp;<\/p>\n\n\n\n<p style=\"font-size:20px\">Adam S\u00e9bire (Norway), <em><strong>AnthropoScene IX: Mammoth<\/strong><\/em> (05:55) 2023&nbsp;&nbsp;&nbsp;&nbsp;&nbsp;&nbsp;&nbsp;<\/p>\n\n\n\n<p style=\"font-size:20px\">Kent Tate (Canada), <strong><em>ARK <\/em><\/strong>(04:04) 2023&nbsp;&nbsp;&nbsp;&nbsp;&nbsp;&nbsp;&nbsp;&nbsp;&nbsp;<\/p>\n\n\n\n<p style=\"font-size:20px\">taietzel ticalos (Romania), <strong><em>viva voce<\/em><\/strong> (07:51) 2022&nbsp;&nbsp;&nbsp;&nbsp;&nbsp;&nbsp;&nbsp;&nbsp;<\/p>\n\n\n\n<p style=\"font-size:20px\">Patrick Topitschnig (Austria), <em><strong>Vienna Standin\u2019 &#8211; 17 Early Mornings<\/strong><\/em> (05:30) 2023&nbsp;&nbsp;&nbsp;&nbsp;<\/p>\n\n\n\n<p style=\"font-size:20px\">Julie Tremble &amp; Philippe Hamelin (Canada), <strong><em>La Fontaine et la chute IV <\/em>(Origins) <\/strong>(04:50) 2022<\/p>\n\n\n\n<p style=\"font-size:20px\">Ioana \u021aurcan (Romania) &amp; Gergana Ivanova [Bulgaria], <strong><em>Anemone<\/em><\/strong> (06:00) 2023&nbsp;&nbsp;&nbsp;&nbsp;&nbsp;<\/p>\n\n\n\n<p style=\"font-size:20px\">Mariya Vasilyeva (Ukraine), <em><strong>The Last Supper <\/strong><\/em>(03:55) 2022&nbsp;&nbsp;&nbsp;&nbsp;&nbsp;&nbsp;&nbsp;<\/p>\n\n\n\n<p style=\"font-size:20px\">Jingyi Wang (China), <strong><em>Good Old Days Part.1<\/em><\/strong> (05:11) 2023&nbsp;&nbsp;&nbsp;&nbsp;&nbsp;&nbsp;<\/p>\n\n\n\n<p style=\"font-size:20px\">Peter Whittenberger (USA), <em><strong>If Only We Had Eyes To See<\/strong><\/em> (03:34) 2023 &nbsp;<\/p>\n\n\n\n<p><br><\/p>\n\n\n\n<hr class=\"wp-block-separator has-alpha-channel-opacity\"\/>\n","protected":false},"excerpt":{"rendered":"<p>LISTA LUCR\u0102RILOR VIDEO INCLUSE \u00ceN PROGRAMUL SIMULTAN FESTIVAL 2023 Katharina Aae (Germany), Terrifying Holes Compilation (04:54) 2021&nbsp;&nbsp;&nbsp;&nbsp;&nbsp;&nbsp;&nbsp; Cedric Arnold (UK), Apopheniac (04:46) 2022&nbsp;&nbsp;&nbsp;&nbsp;&nbsp;&nbsp;&nbsp;&nbsp;&nbsp; Sara Bonaventura (Italy), Iconoplast (08:01) 2021&nbsp;&nbsp;&nbsp;&nbsp;&nbsp;&nbsp;&nbsp;&nbsp;&nbsp; Sarah Buckius (USA), !!! techn010ffspring !!! [v1_v9] (02:53) 2023&nbsp;&nbsp;&nbsp;&nbsp;&nbsp;&nbsp; Nathalie Bujold (Canada), M\u00e9tronomie (00:58) 2022&nbsp;&nbsp;&nbsp;&nbsp;&nbsp;&nbsp;&nbsp;&nbsp;&nbsp; David Camargo &amp; Amauta Garcia (Mexico), Arrullo (10:15) 2022&nbsp;&nbsp;&nbsp;&nbsp;&nbsp;&nbsp; Nicola Cappelletti, [&hellip;]<\/p>\n","protected":false},"author":2,"featured_media":381,"parent":0,"menu_order":0,"comment_status":"closed","ping_status":"closed","template":"","meta":{"_acf_changed":false,"footnotes":""},"class_list":["post-387","page","type-page","status-publish","has-post-thumbnail","hentry"],"acf":[],"_links":{"self":[{"href":"https:\/\/simultan.org\/2023\/wp-json\/wp\/v2\/pages\/387","targetHints":{"allow":["GET"]}}],"collection":[{"href":"https:\/\/simultan.org\/2023\/wp-json\/wp\/v2\/pages"}],"about":[{"href":"https:\/\/simultan.org\/2023\/wp-json\/wp\/v2\/types\/page"}],"author":[{"embeddable":true,"href":"https:\/\/simultan.org\/2023\/wp-json\/wp\/v2\/users\/2"}],"replies":[{"embeddable":true,"href":"https:\/\/simultan.org\/2023\/wp-json\/wp\/v2\/comments?post=387"}],"version-history":[{"count":8,"href":"https:\/\/simultan.org\/2023\/wp-json\/wp\/v2\/pages\/387\/revisions"}],"predecessor-version":[{"id":746,"href":"https:\/\/simultan.org\/2023\/wp-json\/wp\/v2\/pages\/387\/revisions\/746"}],"wp:featuredmedia":[{"embeddable":true,"href":"https:\/\/simultan.org\/2023\/wp-json\/wp\/v2\/media\/381"}],"wp:attachment":[{"href":"https:\/\/simultan.org\/2023\/wp-json\/wp\/v2\/media?parent=387"}],"curies":[{"name":"wp","href":"https:\/\/api.w.org\/{rel}","templated":true}]}}