{"id":976,"date":"2024-09-23T20:59:05","date_gmt":"2024-09-23T20:59:05","guid":{"rendered":"https:\/\/simultan.org\/2024\/?page_id=976"},"modified":"2024-10-05T11:43:53","modified_gmt":"2024-10-05T11:43:53","slug":"program","status":"publish","type":"page","link":"https:\/\/simultan.org\/2024\/program\/","title":{"rendered":"PROGRAM"},"content":{"rendered":"\n<p><strong>MX \/ MUZEUL CORNELIU MIKLOSI <\/strong>+ <strong>Fostele ateliere STPT<\/strong><br><br><\/p>\n\n\n\n<hr class=\"wp-block-separator has-alpha-channel-opacity\"\/>\n\n\n\n<h1 class=\"wp-block-heading\">Joi <strong>3 <\/strong>OCT.<\/h1>\n\n\n\n<p><strong>18:00 <\/strong><br>Deschidere <em>SIMULTAN XIX<\/em>.<\/p>\n\n\n\n<p><strong>18:00 &#8211; 20:00 <\/strong>\u27ff muzeu+ateliere<br><a href=\"https:\/\/simultan.org\/2024\/video\/\">PROIEC\u021aII VIDEO<\/a> <br><a href=\"https:\/\/simultan.org\/2024\/category\/instalatii\/\">INSTALA\u021aII<\/a> <\/p>\n\n\n\n<p><strong>20:00<\/strong> \u27ff muzeu<br><a href=\"https:\/\/simultan.org\/2024\/micleusanu-m\/\">MICLEU\u0218ANU M.<\/a> <em>Liminal Garden<\/em> \u2014 Live AV&nbsp;<br><br><strong>21:00<\/strong> \u27ff<strong>&nbsp;<\/strong>muzeu<br><a href=\"https:\/\/simultan.org\/2024\/magda-drozd\/\">MAGDA DROZD<\/a> \u2014 Live<br><br><strong>22:00<\/strong> \u27ff<strong>&nbsp;<\/strong>muzeu<br><a href=\"https:\/\/simultan.org\/2024\/franck-vigroux-antoine-schmitt\/\">FRANCK VIGROUX &amp; ANTOINE SCHMITT<\/a> <em>ATOTAL<\/em> \u2014 Live AV&nbsp;<\/p>\n\n\n\n<p><br><\/p>\n\n\n\n<hr class=\"wp-block-separator has-alpha-channel-opacity\"\/>\n\n\n\n<h1 class=\"wp-block-heading\">Vineri 04 OCT.<\/h1>\n\n\n\n<p><strong>18:00 &#8211; 20:00 <\/strong>\u27ff muzeu+ateliere<br><a href=\"https:\/\/simultan.org\/2024\/video\/\">PROIEC\u021aII VIDEO<\/a> <br><a href=\"https:\/\/simultan.org\/2024\/category\/instalatii\/\">INSTALA\u021aII<\/a> <\/p>\n\n\n\n<p><strong>20:00<\/strong> \u27ff muzeu<br><a href=\"https:\/\/simultan.org\/2024\/bass-clef-poetry\/\">BASS CLEF POETRY<\/a> \u2014 Live<br><br><strong>21:30<\/strong> \u27ff<strong>&nbsp;<\/strong>muzeu<br><a href=\"https:\/\/simultan.org\/2024\/33\/\">33 (Alexander Iezzi &amp; Billy Bultheel w\/ Ivan Cheng)<\/a> \u2014 Live<\/p>\n\n\n\n<p><br><\/p>\n\n\n\n<hr class=\"wp-block-separator has-alpha-channel-opacity\"\/>\n\n\n\n<h1 class=\"wp-block-heading\">S\u00e2mb\u0103t\u0103 05 OCT.<\/h1>\n\n\n\n<p><strong>16:00 &#8211; 20:00 <\/strong>\u27ff muzeu+ateliere<br><a href=\"https:\/\/simultan.org\/2024\/video\/\">PROIEC\u021aII VIDEO<\/a> <br><a href=\"https:\/\/simultan.org\/2024\/category\/instalatii\/\">INSTALA\u021aII<\/a> <\/p>\n\n\n\n<p><strong>16:00<\/strong> \u27ff muzeu<br><a href=\"https:\/\/simultan.org\/2024\/despre-capcanele-inter-transdisciplinaritatii\/\">3&#8217;17&#8221; &#8211; Despre capcanele intertransdisciplinarit\u0103\u021bii<\/a> \u2014 Talk<br>Vlaicu Golcea, Sabina Suru, Andrei Tudose<br><br><strong>17:00 <\/strong>\u27ff muzeu<br><a href=\"https:\/\/simultan.org\/2024\/phoebe-law\/\">PHOEBE LAW<\/a> \u2014 Artist talk + listening<\/p>\n\n\n\n<p><strong>19:00<\/strong> \u27ff muzeu<br><a href=\"https:\/\/simultan.org\/2024\/diana-miron\/\">DIANA MIRON<\/a> <em>Organisma Sonora<\/em> \u2014 Performance colectiv<br><br><strong>21:00<\/strong> \u27ff<strong>\u00a0<\/strong>muzeu<br><a href=\"https:\/\/simultan.org\/2024\/hanno-leichtmann-valerio-tricoli\/\">HANNO LEICHTMANN &amp; VALERIO TRICOLI <\/a>\u2014 Live<br><br><strong>22:00<\/strong> \u27ff<strong>\u00a0<\/strong>muzeu<br><a href=\"https:\/\/simultan.org\/2024\/feldermelder\/\">FELDERMELDER <\/a><em>ex nihilo<\/em> \u2014 Live AV\u00a0<\/p>\n\n\n\n<p><\/p>\n\n\n\n<p><br><\/p>\n\n\n\n<hr class=\"wp-block-separator has-alpha-channel-opacity\"\/>\n\n\n\n<h1 class=\"wp-block-heading\">Duminic\u0103 06 OCT.<\/h1>\n\n\n\n<p><strong>16:00 &#8211; 20:00 <\/strong>\u27ff muzeu+ateliere<br><a href=\"https:\/\/simultan.org\/2024\/video\/\">PROIEC\u021aII VIDEO<\/a> <br><a href=\"https:\/\/simultan.org\/2024\/category\/instalatii\/\">INSTALA\u021aII<\/a> <\/p>\n\n\n\n<p><strong>16:00 <\/strong>\u27ff muzeu<br><a href=\"https:\/\/simultan.org\/2024\/extensii-post-digitale-timisoara-23-x-oulu-26\/\">Extensii post-digitale Timi\u0219oara \u201923 x Oulu \u201926<\/a> \u2014 Talk<br>Alexandra Costea, Anca \u0218i\u0219u, Andrei Tudose, Sabina Suru<br><br><strong>17:00 <\/strong>\u27ff muzeu<br><a href=\"https:\/\/simultan.org\/2024\/madalina-ciocanu-arcadie-botnariu\/\">M\u0102D\u0102LINA CIOCANU &amp; ARCADIE BOTNARU<\/a> \u2014 Artist talk + audi\u021bie<\/p>\n\n\n\n<p><strong>18:00 <\/strong>\u27ff muzeu<br><a href=\"https:\/\/simultan.org\/2024\/rebecca-salvadori\/\">MESSENGERS by Rebecca Salvadori<\/a> \u2014 Artist talk + proiec\u021bie<\/p>\n\n\n\n<p><strong>20:00 <\/strong>\u27ff&nbsp;muzeu<br><a href=\"https:\/\/simultan.org\/2024\/roberto-maqueda\/\">ROBERTO MAQUEDA<\/a> <em>AIR<\/em> &#8211; Live<\/p>\n\n\n\n<p><strong>21:00<\/strong> \u27ff&nbsp;muzeu<br><a href=\"https:\/\/simultan.org\/2024\/alessandra-eramo\/\">ALESSANDRA ERAMO<\/a> \u2014 Live<\/p>\n\n\n\n<p><strong>22:00<\/strong> \u27ff&nbsp;muzeu<br><a href=\"https:\/\/simultan.org\/2024\/maria-w-horn\/\">MARIA W HORN<\/a> &#8211; Live<br><br><strong>23:00 <\/strong> bis + end \u221e<br><br><\/p>\n\n\n\n<hr class=\"wp-block-separator has-alpha-channel-opacity\"\/>\n\n\n\n<p><\/p>\n","protected":false},"excerpt":{"rendered":"<p>MX \/ MUZEUL CORNELIU MIKLOSI + Fostele ateliere STPT Joi 3 OCT. 18:00 Deschidere SIMULTAN XIX. 18:00 &#8211; 20:00 \u27ff muzeu+atelierePROIEC\u021aII VIDEO INSTALA\u021aII 20:00 \u27ff muzeuMICLEU\u0218ANU M. Liminal Garden \u2014 Live AV&nbsp; 21:00 \u27ff&nbsp;muzeuMAGDA DROZD \u2014 Live 22:00 \u27ff&nbsp;muzeuFRANCK VIGROUX &amp; ANTOINE SCHMITT ATOTAL \u2014 Live AV&nbsp; Vineri 04 OCT. 18:00 &#8211; 20:00 \u27ff muzeu+atelierePROIEC\u021aII [&hellip;]<\/p>\n","protected":false},"author":2,"featured_media":983,"parent":0,"menu_order":0,"comment_status":"closed","ping_status":"closed","template":"","meta":{"_acf_changed":false,"footnotes":""},"class_list":["post-976","page","type-page","status-publish","has-post-thumbnail","hentry"],"acf":[],"_links":{"self":[{"href":"https:\/\/simultan.org\/2024\/wp-json\/wp\/v2\/pages\/976","targetHints":{"allow":["GET"]}}],"collection":[{"href":"https:\/\/simultan.org\/2024\/wp-json\/wp\/v2\/pages"}],"about":[{"href":"https:\/\/simultan.org\/2024\/wp-json\/wp\/v2\/types\/page"}],"author":[{"embeddable":true,"href":"https:\/\/simultan.org\/2024\/wp-json\/wp\/v2\/users\/2"}],"replies":[{"embeddable":true,"href":"https:\/\/simultan.org\/2024\/wp-json\/wp\/v2\/comments?post=976"}],"version-history":[{"count":25,"href":"https:\/\/simultan.org\/2024\/wp-json\/wp\/v2\/pages\/976\/revisions"}],"predecessor-version":[{"id":1460,"href":"https:\/\/simultan.org\/2024\/wp-json\/wp\/v2\/pages\/976\/revisions\/1460"}],"wp:featuredmedia":[{"embeddable":true,"href":"https:\/\/simultan.org\/2024\/wp-json\/wp\/v2\/media\/983"}],"wp:attachment":[{"href":"https:\/\/simultan.org\/2024\/wp-json\/wp\/v2\/media?parent=976"}],"curies":[{"name":"wp","href":"https:\/\/api.w.org\/{rel}","templated":true}]}}